{"id":521,"date":"2023-07-14T11:04:25","date_gmt":"2023-07-14T16:04:25","guid":{"rendered":"https:\/\/exintarquitectura.com\/?page_id=521"},"modified":"2023-07-14T11:59:55","modified_gmt":"2023-07-14T16:59:55","slug":"noticias","status":"publish","type":"page","link":"https:\/\/exintarquitectura.com\/index.php\/noticias\/","title":{"rendered":"Noticias"},"content":{"rendered":"\n<div style=\"height:56px\" aria-hidden=\"true\" class=\"wp-block-spacer\"><\/div>\n\n\n\n<div class=\"wp-block-columns is-layout-flex wp-container-11\">\n<div class=\"wp-block-column is-layout-flow\" style=\"flex-basis:100%\">\n<div class=\"wp-block-cover alignfull\" style=\"margin-top:0;padding-top:5vw;padding-right:5vw;padding-bottom:5vw;padding-left:5vw\"><span aria-hidden=\"true\" class=\"wp-block-cover__background has-background-dim-100 has-background-dim\" style=\"background-color:#d1362a\"><\/span><div class=\"wp-block-cover__inner-container\">\n<div class=\"wp-block-group is-layout-flex wp-container-9\">\n<div class=\"wp-block-group wp-container-content-1 is-layout-flow wp-container-2\">\n<p class=\"has-text-align-left has-two-color has-text-color\" style=\"font-size:90px;font-style:normal;font-weight:700;letter-spacing:-4px;line-height:0.9;text-transform:capitalize\">ArchDaily<\/p>\n\n\n\n<p class=\"has-text-align-left has-two-color has-text-color\" style=\"font-size:60px;font-style:normal;font-weight:700;letter-spacing:-4px;line-height:0.9;text-transform:capitalize\"><br>Proyecto publicado<br><\/p>\n\n\n\n<p class=\"has-text-align-left has-one-color has-text-color\" style=\"font-size:110px;font-style:normal;font-weight:700;letter-spacing:-4px;line-height:0.9;text-transform:none\">House<\/p>\n\n\n\n<p class=\"has-text-align-left has-one-color has-text-color\" style=\"font-size:110px;font-style:normal;font-weight:700;letter-spacing:-4px;line-height:0.9;text-transform:none\">Garden<\/p>\n<\/div>\n\n\n\n<div class=\"wp-block-columns is-layout-flex wp-container-5\">\n<div class=\"wp-block-column is-layout-flow\">\n<figure class=\"wp-block-image size-large\"><img decoding=\"async\" loading=\"lazy\" width=\"1024\" height=\"576\" src=\"https:\/\/exintarquitectura.com\/wp-content\/uploads\/2023\/07\/A-9-5-1024x576.jpg\" alt=\"\" class=\"wp-image-572\" srcset=\"https:\/\/exintarquitectura.com\/wp-content\/uploads\/2023\/07\/A-9-5-1024x576.jpg 1024w, https:\/\/exintarquitectura.com\/wp-content\/uploads\/2023\/07\/A-9-5-300x169.jpg 300w, https:\/\/exintarquitectura.com\/wp-content\/uploads\/2023\/07\/A-9-5-768x432.jpg 768w, https:\/\/exintarquitectura.com\/wp-content\/uploads\/2023\/07\/A-9-5-1536x864.jpg 1536w, https:\/\/exintarquitectura.com\/wp-content\/uploads\/2023\/07\/A-9-5-600x338.jpg 600w, https:\/\/exintarquitectura.com\/wp-content\/uploads\/2023\/07\/A-9-5.jpg 1920w\" sizes=\"(max-width: 1024px) 100vw, 1024px\" \/><\/figure>\n<\/div>\n\n\n\n<div class=\"wp-block-column is-layout-flow\">\n<figure class=\"wp-block-image size-large\"><img decoding=\"async\" loading=\"lazy\" width=\"1024\" height=\"576\" src=\"https:\/\/exintarquitectura.com\/wp-content\/uploads\/2023\/07\/4-3-1024x576.jpg\" alt=\"\" class=\"wp-image-573\" srcset=\"https:\/\/exintarquitectura.com\/wp-content\/uploads\/2023\/07\/4-3-1024x576.jpg 1024w, https:\/\/exintarquitectura.com\/wp-content\/uploads\/2023\/07\/4-3-300x169.jpg 300w, https:\/\/exintarquitectura.com\/wp-content\/uploads\/2023\/07\/4-3-768x432.jpg 768w, https:\/\/exintarquitectura.com\/wp-content\/uploads\/2023\/07\/4-3-1536x864.jpg 1536w, https:\/\/exintarquitectura.com\/wp-content\/uploads\/2023\/07\/4-3-600x338.jpg 600w, https:\/\/exintarquitectura.com\/wp-content\/uploads\/2023\/07\/4-3.jpg 1920w\" sizes=\"(max-width: 1024px) 100vw, 1024px\" \/><\/figure>\n<\/div>\n<\/div>\n\n\n\n<div class=\"wp-block-group wp-container-content-7 is-vertical is-nowrap is-layout-flex wp-container-8\">\n<p style=\"font-size:17px;font-style:normal;font-weight:500;letter-spacing:0px;line-height:1.4;text-decoration:none;text-transform:none\">Agradecimientos especiales al weblog\u00a0Archdaily\u00a0que cubre obras de arquitectura, urbanismo y dise\u00f1o al haber seleccionado la obra House Garden de nuestra firma Exint-Arquitectura y dise\u00f1o, proyecto desarrollado como Propuesta para el concurso Internacional de Arquitectura Matimex con el tema \u201cLa vivienda unifamiliar. El futuro es hoy\u201d (2022) el cual fue incluido en el art\u00edculo \u201cUna c\u00e1psula viviente en la luna y una casa con jard\u00edn en Colombia: 10 casas visionarias sin construir enviadas a ArchDaily\u201d.<\/p>\n\n\n\n<p style=\"font-size:14px;font-style:normal;font-weight:500;letter-spacing:0px;line-height:1.4;text-decoration:none;text-transform:none\">El proyecto House Garden Es un proyecto de viviendas unifamiliares pareadas ubicado en la ciudad de Bogot\u00e1 en la localidad de Ciudad Bol\u00edvar, este proyecto busca incentivar y dar soluci\u00f3n a la problem\u00e1tica que presenta la zona, este sector es uno de los m\u00e1s vulnerables de la ciudad, la econom\u00eda es cada vez m\u00e1s cr\u00edtica debido al alza de precio de los productos y los alimentos generando desigualdad y aumento de pobreza en el sector. El proyecto House Garden busca dar la soluci\u00f3n a esta problem\u00e1tica dentro del sector, generando cubiertas verdes y as\u00ed mismo se genera un espacio de cultivo interior, el cual permita al usuario poder sembrar sus propios alimentos b\u00e1sicos como lo son legumbres, tub\u00e9rculos como la papa, la arveja y plantas para consumo como la hierbabuena y cilantro.<\/p>\n\n\n\n<div class=\"wp-block-buttons is-layout-flex\">\n<div class=\"wp-block-button has-custom-font-size\" style=\"font-size:20px;font-style:normal;font-weight:700;letter-spacing:0px;text-decoration:none;text-transform:none\"><a class=\"wp-block-button__link has-white-color has-black-background-color has-text-color has-background wp-element-button\" href=\"https:\/\/www.archdaily.com\/993343\/a-living-capsule-on-the-moon-and-a-garden-home-in-colombia-10-unbuilt-visionary-houses-submitted-to-archdaily?ad_medium=gallery\" style=\"border-radius:0px;border-top-style:none;border-top-width:0px;border-right-style:none;border-right-width:0px;border-bottom-style:none;border-bottom-width:0px;border-left-style:none;border-left-width:0px;padding-top:24px;padding-right:36px;padding-bottom:24px;padding-left:36px\" target=\"_blank\" rel=\"noreferrer noopener\">leer articulo<\/a><\/div>\n<\/div>\n<\/div>\n<\/div>\n<\/div><\/div>\n<\/div>\n<\/div>\n\n\n\n<div class=\"wp-block-cover alignfull is-light has-parallax is-repeated\" style=\"min-height:800px\"><span aria-hidden=\"true\" class=\"wp-block-cover__background has-background-dim\"><\/span><div role=\"img\" class=\"wp-block-cover__image-background wp-image-576 has-parallax is-repeated\" style=\"background-position:50% 50%;background-image:url(https:\/\/exintarquitectura.com\/wp-content\/uploads\/2023\/07\/03-3.jpg)\"><\/div><div class=\"wp-block-cover__inner-container\">\n<h2 class=\"wp-block-heading alignwide has-text-color\" style=\"color:#ffe074;font-size:60px\">Proyecto galardonado<\/h2>\n\n\n\n<h2 class=\"wp-block-heading alignwide has-text-color\" style=\"color:#ffe074;font-size:30px\"><\/h2>\n\n\n\n<h2 class=\"wp-block-heading alignwide has-vivid-green-cyan-color has-text-color\" style=\"font-size:25px\"><em>Granja Vertical del Fucha<\/em><\/h2>\n\n\n\n<h2 class=\"wp-block-heading alignwide has-vivid-green-cyan-color has-text-color\" style=\"font-size:25px\"><em>Menci\u00f3n Honor\u00edfica<\/em><\/h2>\n\n\n\n<h2 class=\"wp-block-heading alignwide has-vivid-green-cyan-color has-text-color\" style=\"font-size:25px\"><em>Categoria: Proyecto Z<\/em>onal<\/h2>\n\n\n\n<div class=\"wp-block-columns alignwide is-layout-flex wp-container-13\">\n<div class=\"wp-block-column is-layout-flow\" style=\"flex-basis:55%\">\n<div style=\"height:140px\" aria-hidden=\"true\" class=\"wp-block-spacer\"><\/div>\n\n\n\n<p class=\"has-text-color\" style=\"color:#ffe074;font-size:15px;line-height:1.3\"><em>La granja vertical del fucha se concibe como un proyecto a escala zonal, por lo cual generara un impacto no solo en el barrio la gran Colombia que es donde se implanta, sino que establecer\u00e1 una conexi\u00f3n con los barrios colindantes, principalmente con la huerta urbana existente en el barrio Santa Cecilia, esta conexi\u00f3n contemplara un eje de revitalizaci\u00f3n en la ladera del r\u00edo fucha.<\/em> <em>As\u00ed mismo ser\u00e1 un punto de encuentro y esparcimiento para toda la comunidad<\/em>.<\/p>\n<\/div>\n<\/div>\n<\/div><\/div>\n\n\n\n<div class=\"wp-block-cover alignfull has-parallax is-repeated\" style=\"min-height:800px\"><span aria-hidden=\"true\" class=\"wp-block-cover__background has-background-dim\"><\/span><div role=\"img\" class=\"wp-block-cover__image-background wp-image-588 has-parallax is-repeated\" style=\"background-position:50% 50%;background-image:url(https:\/\/exintarquitectura.com\/wp-content\/uploads\/2023\/07\/6910d3b8-4226-434e-92b6-1972d1c8f2cc.jpg)\"><\/div><div class=\"wp-block-cover__inner-container\">\n<h2 class=\"wp-block-heading alignwide has-text-color\" style=\"color:#ffe074;font-size:60px\">Proyecto galardonado<\/h2>\n\n\n\n<h2 class=\"wp-block-heading alignwide has-text-color\" style=\"color:#ffe074;font-size:30px\"><\/h2>\n\n\n\n<h2 class=\"wp-block-heading alignwide has-vivid-green-cyan-color has-text-color\" style=\"font-size:25px\"><em>Centro Cultural Central<\/em><\/h2>\n\n\n\n<h2 class=\"wp-block-heading alignwide has-vivid-green-cyan-color has-text-color\" style=\"font-size:25px\"><em>Menci\u00f3n Honor\u00edfica<\/em><\/h2>\n\n\n\n<h2 class=\"wp-block-heading alignwide has-vivid-green-cyan-color has-text-color\" style=\"font-size:25px\"><em>Categoria: Proyecto <\/em>Local<\/h2>\n\n\n\n<div class=\"wp-block-columns alignwide is-layout-flex wp-container-15\">\n<div class=\"wp-block-column is-layout-flow\" style=\"flex-basis:55%\">\n<div style=\"height:140px\" aria-hidden=\"true\" class=\"wp-block-spacer\"><\/div>\n\n\n\n<p class=\"has-text-color\" style=\"color:#ffe074;font-size:15px;line-height:1.3\"><\/p>\n<\/div>\n<\/div>\n<\/div><\/div>\n","protected":false},"excerpt":{"rendered":"","protected":false},"author":1,"featured_media":0,"parent":0,"menu_order":4,"comment_status":"closed","ping_status":"closed","template":"","meta":{"om_disable_all_campaigns":false,"_mi_skip_tracking":false,"_monsterinsights_sitenote_active":false,"_monsterinsights_sitenote_note":"","_monsterinsights_sitenote_category":0},"aioseo_notices":[],"_links":{"self":[{"href":"https:\/\/exintarquitectura.com\/index.php\/wp-json\/wp\/v2\/pages\/521"}],"collection":[{"href":"https:\/\/exintarquitectura.com\/index.php\/wp-json\/wp\/v2\/pages"}],"about":[{"href":"https:\/\/exintarquitectura.com\/index.php\/wp-json\/wp\/v2\/types\/page"}],"author":[{"embeddable":true,"href":"https:\/\/exintarquitectura.com\/index.php\/wp-json\/wp\/v2\/users\/1"}],"replies":[{"embeddable":true,"href":"https:\/\/exintarquitectura.com\/index.php\/wp-json\/wp\/v2\/comments?post=521"}],"version-history":[{"count":38,"href":"https:\/\/exintarquitectura.com\/index.php\/wp-json\/wp\/v2\/pages\/521\/revisions"}],"predecessor-version":[{"id":590,"href":"https:\/\/exintarquitectura.com\/index.php\/wp-json\/wp\/v2\/pages\/521\/revisions\/590"}],"wp:attachment":[{"href":"https:\/\/exintarquitectura.com\/index.php\/wp-json\/wp\/v2\/media?parent=521"}],"curies":[{"name":"wp","href":"https:\/\/api.w.org\/{rel}","templated":true}]}}