{"id":129,"date":"2023-07-06T21:32:39","date_gmt":"2023-07-07T02:32:39","guid":{"rendered":"https:\/\/exintarquitectura.com\/?page_id=129"},"modified":"2023-08-02T23:34:38","modified_gmt":"2023-08-03T04:34:38","slug":"equipo-exint","status":"publish","type":"page","link":"https:\/\/exintarquitectura.com\/index.php\/equipo-exint\/","title":{"rendered":"Equipo Exint"},"content":{"rendered":"\n<div class=\"wp-block-media-text alignwide is-stacked-on-mobile\" style=\"grid-template-columns:23% auto\"><figure class=\"wp-block-media-text__media\"><img decoding=\"async\" loading=\"lazy\" width=\"576\" height=\"1024\" src=\"http:\/\/exintarquitectura.com\/wp-content\/uploads\/2023\/07\/01-1-576x1024.webp\" alt=\"\" class=\"wp-image-209 size-full\" srcset=\"https:\/\/exintarquitectura.com\/wp-content\/uploads\/2023\/07\/01-1-576x1024.webp 576w, https:\/\/exintarquitectura.com\/wp-content\/uploads\/2023\/07\/01-1-169x300.webp 169w, https:\/\/exintarquitectura.com\/wp-content\/uploads\/2023\/07\/01-1-768x1365.webp 768w, https:\/\/exintarquitectura.com\/wp-content\/uploads\/2023\/07\/01-1-864x1536.webp 864w, https:\/\/exintarquitectura.com\/wp-content\/uploads\/2023\/07\/01-1-600x1067.webp 600w, https:\/\/exintarquitectura.com\/wp-content\/uploads\/2023\/07\/01-1.webp 1080w\" sizes=\"(max-width: 576px) 100vw, 576px\" \/><\/figure><div class=\"wp-block-media-text__content\">\n<p class=\"has-text-align-center has-small-font-size\" style=\"margin-top:var(--wp--preset--spacing--70);margin-right:var(--wp--preset--spacing--70);margin-bottom:var(--wp--preset--spacing--50);margin-left:var(--wp--preset--spacing--70)\"><strong>Exint Arquitectura y Dise\u00f1o<\/strong><\/p>\n\n\n\n<p class=\"has-text-align-center has-small-font-size\" style=\"margin-top:var(--wp--preset--spacing--50);margin-right:var(--wp--preset--spacing--70);margin-bottom:var(--wp--preset--spacing--70);margin-left:var(--wp--preset--spacing--70)\">Somos un estudio de dise\u00f1o interdisciplinar<\/p>\n<\/div><\/div>\n\n\n\n<div class=\"wp-block-media-text alignwide has-media-on-the-right is-stacked-on-mobile has-one-background-color has-background\" style=\"grid-template-columns:auto 23%\"><div class=\"wp-block-media-text__content\">\n<p class=\"has-two-color has-text-color\">Michael Sierra<\/p>\n\n\n\n<p class=\"has-two-color has-text-color has-midsmall-font-size\"><strong>Arquitecto Dise\u00f1ador<\/strong><\/p>\n\n\n\n<p class=\"has-two-color has-text-color has-small-font-size\">&#8220;<em>Cuando el dise\u00f1o de la arquitectura y el urbanismo es capaz de afectar negativamente a su entorno, entonces pierde el sentido de su existencia.&#8221;<\/em><\/p>\n<\/div><figure class=\"wp-block-media-text__media\"><img decoding=\"async\" loading=\"lazy\" width=\"576\" height=\"1024\" src=\"http:\/\/exintarquitectura.com\/wp-content\/uploads\/2023\/07\/02-576x1024.webp\" alt=\"\" class=\"wp-image-208 size-full\" srcset=\"https:\/\/exintarquitectura.com\/wp-content\/uploads\/2023\/07\/02-576x1024.webp 576w, https:\/\/exintarquitectura.com\/wp-content\/uploads\/2023\/07\/02-169x300.webp 169w, https:\/\/exintarquitectura.com\/wp-content\/uploads\/2023\/07\/02-768x1365.webp 768w, https:\/\/exintarquitectura.com\/wp-content\/uploads\/2023\/07\/02-864x1536.webp 864w, https:\/\/exintarquitectura.com\/wp-content\/uploads\/2023\/07\/02-600x1067.webp 600w, https:\/\/exintarquitectura.com\/wp-content\/uploads\/2023\/07\/02.webp 1080w\" sizes=\"(max-width: 576px) 100vw, 576px\" \/><\/figure><\/div>\n\n\n\n<div class=\"wp-block-media-text alignwide is-stacked-on-mobile has-one-color has-two-background-color has-text-color has-background\" style=\"grid-template-columns:23% auto\"><figure class=\"wp-block-media-text__media\"><img decoding=\"async\" loading=\"lazy\" width=\"576\" height=\"1024\" src=\"http:\/\/exintarquitectura.com\/wp-content\/uploads\/2023\/07\/03-576x1024.webp\" alt=\"\" class=\"wp-image-210 size-full\" srcset=\"https:\/\/exintarquitectura.com\/wp-content\/uploads\/2023\/07\/03-576x1024.webp 576w, https:\/\/exintarquitectura.com\/wp-content\/uploads\/2023\/07\/03-169x300.webp 169w, https:\/\/exintarquitectura.com\/wp-content\/uploads\/2023\/07\/03-768x1365.webp 768w, https:\/\/exintarquitectura.com\/wp-content\/uploads\/2023\/07\/03-864x1536.webp 864w, https:\/\/exintarquitectura.com\/wp-content\/uploads\/2023\/07\/03-600x1067.webp 600w, https:\/\/exintarquitectura.com\/wp-content\/uploads\/2023\/07\/03.webp 1080w\" sizes=\"(max-width: 576px) 100vw, 576px\" \/><\/figure><div class=\"wp-block-media-text__content\">\n<p class=\"has-one-color has-text-color\">Sergio Betancourth<\/p>\n\n\n\n<p class=\"has-one-color has-text-color has-midsmall-font-size\"><strong>Arquitecto Dise\u00f1ador<\/strong><\/p>\n\n\n\n<p class=\"has-one-color has-text-color has-small-font-size\">&#8220;<em>La arquitectura debe ser una con el entorno, adem\u00e1s de ser funcional y est\u00e9tica ha de existir una armon\u00eda y fluidez sin ser invasiva ni imponer rigidez.<\/em>&#8220;<\/p>\n<\/div><\/div>\n\n\n\n<div style=\"height:10px\" aria-hidden=\"true\" class=\"wp-block-spacer\"><\/div>\n\n\n\n<div style=\"height:25px\" aria-hidden=\"true\" class=\"wp-block-spacer\"><\/div>\n\n\n\n<div style=\"height:10px\" aria-hidden=\"true\" class=\"wp-block-spacer\"><\/div>\n\n\n\n<div style=\"height:28px\" aria-hidden=\"true\" class=\"wp-block-spacer\"><\/div>\n\n\n\n<div class=\"wp-block-media-text alignwide is-stacked-on-mobile has-one-background-color has-background\" style=\"margin-top:0;margin-right:0;margin-bottom:0;margin-left:0;padding-top:var(--wp--preset--spacing--40);padding-right:0;padding-bottom:0;padding-left:var(--wp--preset--spacing--40);grid-template-columns:24% auto\"><figure class=\"wp-block-media-text__media\"><img decoding=\"async\" loading=\"lazy\" width=\"3828\" height=\"3493\" src=\"https:\/\/exintarquitectura.com\/wp-content\/uploads\/2023\/06\/logo-png-2.png\" alt=\"\" class=\"wp-image-103 size-full\" srcset=\"https:\/\/exintarquitectura.com\/wp-content\/uploads\/2023\/06\/logo-png-2.png 3828w, https:\/\/exintarquitectura.com\/wp-content\/uploads\/2023\/06\/logo-png-2-300x274.png 300w, https:\/\/exintarquitectura.com\/wp-content\/uploads\/2023\/06\/logo-png-2-1024x934.png 1024w, https:\/\/exintarquitectura.com\/wp-content\/uploads\/2023\/06\/logo-png-2-768x701.png 768w, https:\/\/exintarquitectura.com\/wp-content\/uploads\/2023\/06\/logo-png-2-1536x1402.png 1536w, https:\/\/exintarquitectura.com\/wp-content\/uploads\/2023\/06\/logo-png-2-2048x1869.png 2048w, https:\/\/exintarquitectura.com\/wp-content\/uploads\/2023\/06\/logo-png-2-600x547.png 600w\" sizes=\"(max-width: 3828px) 100vw, 3828px\" \/><\/figure><div class=\"wp-block-media-text__content\">\n<p class=\"has-two-color has-text-color has-midsmall-font-size\">Estimados integrantes del equipo de Exint &#8211; Arquitectura y Dise\u00f1o,<\/p>\n\n\n\n<p class=\"has-two-color has-text-color has-small-font-size\">Queremos expresar nuestro profundo agradecimiento a cada uno de ustedes por su valiosa contribuci\u00f3n a nuestro estudio. Vuestra dedicaci\u00f3n, creatividad y compromiso son fundamentales para nuestro \u00e9xito colectivo. Apreciamos a todos los miembros del equipo, incluyendo aquellos que no fueron mencionados directamente. Vuestra pasi\u00f3n, atenci\u00f3n al detalle y disposici\u00f3n para colaborar han elevado nuestros proyectos a nuevos niveles de excelencia. Valoramos profundamente su compromiso, esfuerzo y confiamos en nuestro potencial como equipo para superar desaf\u00edos y lograr nuevos \u00e9xitos juntos.<\/p>\n\n\n\n<p class=\"has-two-color has-text-color has-small-font-size\">Gracias por su contribuci\u00f3n al equipo de Exint &#8211; Arquitectura y Dise\u00f1o.<\/p>\n\n\n\n<p class=\"has-two-color has-text-color has-small-font-size\">Con gratitud,<\/p>\n\n\n\n<p class=\"has-two-color has-text-color has-small-font-size\" style=\"padding-bottom:var(--wp--preset--spacing--50)\"><em>Arquitectos principales<\/em><\/p>\n<\/div><\/div>\n\n\n\n<div style=\"height:55px\" aria-hidden=\"true\" class=\"wp-block-spacer\"><\/div>\n","protected":false},"excerpt":{"rendered":"<p>Exint Arquitectura y Dise\u00f1o Somos un estudio de dise\u00f1o interdisciplinar Michael Sierra Arquitecto Dise\u00f1ador &#8220;Cuando el dise\u00f1o de la arquitectura y el urbanismo es capaz de afectar negativamente a su entorno, entonces pierde el sentido de su existencia.&#8221; Sergio Betancourth Arquitecto Dise\u00f1ador &#8220;La arquitectura debe ser una con el entorno, adem\u00e1s de ser funcional y [&hellip;]<\/p>\n","protected":false},"author":1,"featured_media":0,"parent":0,"menu_order":2,"comment_status":"closed","ping_status":"closed","template":"","meta":{"om_disable_all_campaigns":false,"_mi_skip_tracking":false,"_monsterinsights_sitenote_active":false,"_monsterinsights_sitenote_note":"","_monsterinsights_sitenote_category":0},"aioseo_notices":[],"_links":{"self":[{"href":"https:\/\/exintarquitectura.com\/index.php\/wp-json\/wp\/v2\/pages\/129"}],"collection":[{"href":"https:\/\/exintarquitectura.com\/index.php\/wp-json\/wp\/v2\/pages"}],"about":[{"href":"https:\/\/exintarquitectura.com\/index.php\/wp-json\/wp\/v2\/types\/page"}],"author":[{"embeddable":true,"href":"https:\/\/exintarquitectura.com\/index.php\/wp-json\/wp\/v2\/users\/1"}],"replies":[{"embeddable":true,"href":"https:\/\/exintarquitectura.com\/index.php\/wp-json\/wp\/v2\/comments?post=129"}],"version-history":[{"count":15,"href":"https:\/\/exintarquitectura.com\/index.php\/wp-json\/wp\/v2\/pages\/129\/revisions"}],"predecessor-version":[{"id":600,"href":"https:\/\/exintarquitectura.com\/index.php\/wp-json\/wp\/v2\/pages\/129\/revisions\/600"}],"wp:attachment":[{"href":"https:\/\/exintarquitectura.com\/index.php\/wp-json\/wp\/v2\/media?parent=129"}],"curies":[{"name":"wp","href":"https:\/\/api.w.org\/{rel}","templated":true}]}}